{"id":80,"date":"2017-03-02T16:41:50","date_gmt":"2017-03-02T15:41:50","guid":{"rendered":"http:\/\/fginfo.be\/?page_id=80"},"modified":"2017-03-06T22:15:08","modified_gmt":"2017-03-06T21:15:08","slug":"acceuil","status":"publish","type":"page","link":"https:\/\/fginfo.be\/","title":{"rendered":"Accueil"},"content":{"rendered":"<h3 style=\"text-align: left;\"><strong>Bienvenue sur le site www.fginfo.be.<img loading=\"lazy\" decoding=\"async\" class=\"wp-image-157 alignright\" src=\"https:\/\/fginfo.be\/wp-content\/uploads\/2017\/03\/cropped-Logo-Site-Entete-03-300x178.png\" alt=\"\" width=\"147\" height=\"87\" srcset=\"https:\/\/fginfo.be\/wp-content\/uploads\/2017\/03\/cropped-Logo-Site-Entete-03-300x178.png 300w, https:\/\/fginfo.be\/wp-content\/uploads\/2017\/03\/cropped-Logo-Site-Entete-03-768x455.png 768w, https:\/\/fginfo.be\/wp-content\/uploads\/2017\/03\/cropped-Logo-Site-Entete-03-1024x606.png 1024w, https:\/\/fginfo.be\/wp-content\/uploads\/2017\/03\/cropped-Logo-Site-Entete-03.png 1159w\" sizes=\"auto, (max-width: 147px) 100vw, 147px\" \/><\/strong><\/h3>\n<p style=\"text-align: left;\">Passionn\u00e9 par deux mondes aussi \u00e9loign\u00e9s que l&rsquo;<strong><span style=\"color: #a5a8a7;\">Informatique<\/span><\/strong> et la <strong><span style=\"color: #339966;\">Sylviculture<\/span><\/strong>.<\/p>\n<p>&nbsp;<\/p>\n<p>&nbsp;<\/p>\n","protected":false},"excerpt":{"rendered":"<p>Bienvenue sur le site www.fginfo.be. Passionn\u00e9 par deux mondes aussi \u00e9loign\u00e9s que l&rsquo;Informatique et la Sylviculture. &nbsp; &nbsp;<\/p>\n","protected":false},"author":1,"featured_media":21,"parent":0,"menu_order":0,"comment_status":"closed","ping_status":"closed","template":"","meta":{"footnotes":""},"class_list":["post-80","page","type-page","status-publish","has-post-thumbnail","czr-hentry"],"_links":{"self":[{"href":"https:\/\/fginfo.be\/index.php\/wp-json\/wp\/v2\/pages\/80","targetHints":{"allow":["GET"]}}],"collection":[{"href":"https:\/\/fginfo.be\/index.php\/wp-json\/wp\/v2\/pages"}],"about":[{"href":"https:\/\/fginfo.be\/index.php\/wp-json\/wp\/v2\/types\/page"}],"author":[{"embeddable":true,"href":"https:\/\/fginfo.be\/index.php\/wp-json\/wp\/v2\/users\/1"}],"replies":[{"embeddable":true,"href":"https:\/\/fginfo.be\/index.php\/wp-json\/wp\/v2\/comments?post=80"}],"version-history":[{"count":9,"href":"https:\/\/fginfo.be\/index.php\/wp-json\/wp\/v2\/pages\/80\/revisions"}],"predecessor-version":[{"id":203,"href":"https:\/\/fginfo.be\/index.php\/wp-json\/wp\/v2\/pages\/80\/revisions\/203"}],"wp:featuredmedia":[{"embeddable":true,"href":"https:\/\/fginfo.be\/index.php\/wp-json\/wp\/v2\/media\/21"}],"wp:attachment":[{"href":"https:\/\/fginfo.be\/index.php\/wp-json\/wp\/v2\/media?parent=80"}],"curies":[{"name":"wp","href":"https:\/\/api.w.org\/{rel}","templated":true}]}}