{"id":346,"date":"2025-02-11T08:44:41","date_gmt":"2025-02-11T07:44:41","guid":{"rendered":"https:\/\/fginfo.be\/?page_id=346"},"modified":"2025-02-11T12:50:58","modified_gmt":"2025-02-11T11:50:58","slug":"impression-3d","status":"publish","type":"page","link":"https:\/\/fginfo.be\/index.php\/impression-3d\/","title":{"rendered":"Impression 3D"},"content":{"rendered":"\n<p>Nouvelle activit\u00e9 pour FG Info : L&rsquo;impression 3D !<\/p>\n\n\n\n<p>Equip\u00e9 d&rsquo;une des meilleurs machine du march\u00e9 la BAMBU LAB P1Savec un distributeur de couleur AMS<\/p>\n\n\n\n<figure class=\"wp-block-gallery has-nested-images columns-default is-cropped wp-block-gallery-1 is-layout-flex wp-block-gallery-is-layout-flex\">\n<figure class=\"wp-block-image size-large\"><img loading=\"lazy\" decoding=\"async\" width=\"971\" height=\"1024\" data-id=\"347\" src=\"https:\/\/fginfo.be\/wp-content\/uploads\/2025\/02\/p1s-compare-39d1aa81170ca-971x1024.png\" alt=\"\" class=\"wp-image-347\" srcset=\"https:\/\/fginfo.be\/wp-content\/uploads\/2025\/02\/p1s-compare-39d1aa81170ca-971x1024.png 971w, https:\/\/fginfo.be\/wp-content\/uploads\/2025\/02\/p1s-compare-39d1aa81170ca-285x300.png 285w, https:\/\/fginfo.be\/wp-content\/uploads\/2025\/02\/p1s-compare-39d1aa81170ca-768x810.png 768w, https:\/\/fginfo.be\/wp-content\/uploads\/2025\/02\/p1s-compare-39d1aa81170ca.png 994w\" sizes=\"auto, (max-width: 971px) 100vw, 971px\" \/><\/figure>\n\n\n\n<figure class=\"wp-block-image size-large\"><img loading=\"lazy\" decoding=\"async\" width=\"700\" height=\"700\" data-id=\"348\" src=\"https:\/\/fginfo.be\/wp-content\/uploads\/2025\/02\/ams-3_700x.webp\" alt=\"\" class=\"wp-image-348\" srcset=\"https:\/\/fginfo.be\/wp-content\/uploads\/2025\/02\/ams-3_700x.webp 700w, https:\/\/fginfo.be\/wp-content\/uploads\/2025\/02\/ams-3_700x-300x300.webp 300w, https:\/\/fginfo.be\/wp-content\/uploads\/2025\/02\/ams-3_700x-150x150.webp 150w, https:\/\/fginfo.be\/wp-content\/uploads\/2025\/02\/ams-3_700x-400x400.webp 400w\" sizes=\"auto, (max-width: 700px) 100vw, 700px\" \/><\/figure>\n<\/figure>\n\n\n\n<p>R\u00e9alisation de commandes standard et sur mesure.. <\/p>\n\n\n\n<figure class=\"wp-block-gallery has-nested-images columns-default is-cropped wp-block-gallery-2 is-layout-flex wp-block-gallery-is-layout-flex\">\n<figure class=\"wp-block-image size-large is-style-default\"><img loading=\"lazy\" decoding=\"async\" width=\"576\" height=\"1024\" data-id=\"365\" src=\"https:\/\/fginfo.be\/wp-content\/uploads\/2025\/02\/20250210_135312-576x1024.jpg\" alt=\"\" class=\"wp-image-365\" srcset=\"https:\/\/fginfo.be\/wp-content\/uploads\/2025\/02\/20250210_135312-576x1024.jpg 576w, https:\/\/fginfo.be\/wp-content\/uploads\/2025\/02\/20250210_135312-169x300.jpg 169w, https:\/\/fginfo.be\/wp-content\/uploads\/2025\/02\/20250210_135312-768x1365.jpg 768w, https:\/\/fginfo.be\/wp-content\/uploads\/2025\/02\/20250210_135312-864x1536.jpg 864w, https:\/\/fginfo.be\/wp-content\/uploads\/2025\/02\/20250210_135312-1153x2048.jpg 1153w, https:\/\/fginfo.be\/wp-content\/uploads\/2025\/02\/20250210_135312-scaled.jpg 1441w\" sizes=\"auto, (max-width: 576px) 100vw, 576px\" \/><\/figure>\n\n\n\n<figure class=\"wp-block-image size-large\"><img loading=\"lazy\" decoding=\"async\" width=\"1024\" height=\"576\" data-id=\"364\" src=\"https:\/\/fginfo.be\/wp-content\/uploads\/2025\/02\/20250207_181806-1024x576.jpg\" alt=\"\" class=\"wp-image-364\" srcset=\"https:\/\/fginfo.be\/wp-content\/uploads\/2025\/02\/20250207_181806-1024x576.jpg 1024w, https:\/\/fginfo.be\/wp-content\/uploads\/2025\/02\/20250207_181806-300x169.jpg 300w, https:\/\/fginfo.be\/wp-content\/uploads\/2025\/02\/20250207_181806-768x432.jpg 768w, https:\/\/fginfo.be\/wp-content\/uploads\/2025\/02\/20250207_181806-1536x864.jpg 1536w, https:\/\/fginfo.be\/wp-content\/uploads\/2025\/02\/20250207_181806-2048x1153.jpg 2048w\" sizes=\"auto, (max-width: 1024px) 100vw, 1024px\" \/><\/figure>\n\n\n\n<figure class=\"wp-block-image size-large\"><img loading=\"lazy\" decoding=\"async\" width=\"1024\" height=\"576\" data-id=\"363\" src=\"https:\/\/fginfo.be\/wp-content\/uploads\/2025\/02\/20250207_181749-1024x576.jpg\" alt=\"\" class=\"wp-image-363\" srcset=\"https:\/\/fginfo.be\/wp-content\/uploads\/2025\/02\/20250207_181749-1024x576.jpg 1024w, https:\/\/fginfo.be\/wp-content\/uploads\/2025\/02\/20250207_181749-300x169.jpg 300w, https:\/\/fginfo.be\/wp-content\/uploads\/2025\/02\/20250207_181749-768x432.jpg 768w, https:\/\/fginfo.be\/wp-content\/uploads\/2025\/02\/20250207_181749-1536x864.jpg 1536w, https:\/\/fginfo.be\/wp-content\/uploads\/2025\/02\/20250207_181749-2048x1153.jpg 2048w\" sizes=\"auto, (max-width: 1024px) 100vw, 1024px\" \/><\/figure>\n\n\n\n<figure class=\"wp-block-image size-large\"><img loading=\"lazy\" decoding=\"async\" width=\"1024\" height=\"461\" data-id=\"362\" src=\"https:\/\/fginfo.be\/wp-content\/uploads\/2025\/02\/Screenshot_20241207_181940_Bambu-Handy-1024x461.jpg\" alt=\"\" class=\"wp-image-362\" srcset=\"https:\/\/fginfo.be\/wp-content\/uploads\/2025\/02\/Screenshot_20241207_181940_Bambu-Handy-1024x461.jpg 1024w, https:\/\/fginfo.be\/wp-content\/uploads\/2025\/02\/Screenshot_20241207_181940_Bambu-Handy-300x135.jpg 300w, https:\/\/fginfo.be\/wp-content\/uploads\/2025\/02\/Screenshot_20241207_181940_Bambu-Handy-768x346.jpg 768w, https:\/\/fginfo.be\/wp-content\/uploads\/2025\/02\/Screenshot_20241207_181940_Bambu-Handy-1536x691.jpg 1536w, https:\/\/fginfo.be\/wp-content\/uploads\/2025\/02\/Screenshot_20241207_181940_Bambu-Handy-2048x922.jpg 2048w\" sizes=\"auto, (max-width: 1024px) 100vw, 1024px\" \/><\/figure>\n\n\n\n<figure class=\"wp-block-image size-large\"><img loading=\"lazy\" decoding=\"async\" width=\"1024\" height=\"462\" data-id=\"361\" src=\"https:\/\/fginfo.be\/wp-content\/uploads\/2025\/02\/20240313_191420-1024x462.jpg\" alt=\"\" class=\"wp-image-361\" srcset=\"https:\/\/fginfo.be\/wp-content\/uploads\/2025\/02\/20240313_191420-1024x462.jpg 1024w, https:\/\/fginfo.be\/wp-content\/uploads\/2025\/02\/20240313_191420-300x135.jpg 300w, https:\/\/fginfo.be\/wp-content\/uploads\/2025\/02\/20240313_191420-768x346.jpg 768w, https:\/\/fginfo.be\/wp-content\/uploads\/2025\/02\/20240313_191420-1536x692.jpg 1536w, https:\/\/fginfo.be\/wp-content\/uploads\/2025\/02\/20240313_191420-2048x923.jpg 2048w\" sizes=\"auto, (max-width: 1024px) 100vw, 1024px\" \/><\/figure>\n\n\n\n<figure class=\"wp-block-image size-large\"><img loading=\"lazy\" decoding=\"async\" width=\"1024\" height=\"462\" data-id=\"360\" src=\"https:\/\/fginfo.be\/wp-content\/uploads\/2025\/02\/20240228_211820-1024x462.jpg\" alt=\"\" class=\"wp-image-360\" srcset=\"https:\/\/fginfo.be\/wp-content\/uploads\/2025\/02\/20240228_211820-1024x462.jpg 1024w, https:\/\/fginfo.be\/wp-content\/uploads\/2025\/02\/20240228_211820-300x135.jpg 300w, https:\/\/fginfo.be\/wp-content\/uploads\/2025\/02\/20240228_211820-768x346.jpg 768w, https:\/\/fginfo.be\/wp-content\/uploads\/2025\/02\/20240228_211820-1536x692.jpg 1536w, https:\/\/fginfo.be\/wp-content\/uploads\/2025\/02\/20240228_211820-2048x923.jpg 2048w\" sizes=\"auto, (max-width: 1024px) 100vw, 1024px\" \/><\/figure>\n\n\n\n<figure class=\"wp-block-image size-large\"><img loading=\"lazy\" decoding=\"async\" width=\"1024\" height=\"462\" data-id=\"358\" src=\"https:\/\/fginfo.be\/wp-content\/uploads\/2025\/02\/20240120_073839-1024x462.jpg\" alt=\"\" class=\"wp-image-358\" srcset=\"https:\/\/fginfo.be\/wp-content\/uploads\/2025\/02\/20240120_073839-1024x462.jpg 1024w, https:\/\/fginfo.be\/wp-content\/uploads\/2025\/02\/20240120_073839-300x135.jpg 300w, https:\/\/fginfo.be\/wp-content\/uploads\/2025\/02\/20240120_073839-768x346.jpg 768w, https:\/\/fginfo.be\/wp-content\/uploads\/2025\/02\/20240120_073839-1536x692.jpg 1536w, https:\/\/fginfo.be\/wp-content\/uploads\/2025\/02\/20240120_073839-2048x923.jpg 2048w\" sizes=\"auto, (max-width: 1024px) 100vw, 1024px\" \/><\/figure>\n\n\n\n<figure class=\"wp-block-image size-large\"><img loading=\"lazy\" decoding=\"async\" width=\"1024\" height=\"462\" data-id=\"357\" src=\"https:\/\/fginfo.be\/wp-content\/uploads\/2025\/02\/20240315_074740-1024x462.jpg\" alt=\"\" class=\"wp-image-357\" srcset=\"https:\/\/fginfo.be\/wp-content\/uploads\/2025\/02\/20240315_074740-1024x462.jpg 1024w, https:\/\/fginfo.be\/wp-content\/uploads\/2025\/02\/20240315_074740-300x135.jpg 300w, https:\/\/fginfo.be\/wp-content\/uploads\/2025\/02\/20240315_074740-768x346.jpg 768w, https:\/\/fginfo.be\/wp-content\/uploads\/2025\/02\/20240315_074740-1536x692.jpg 1536w, https:\/\/fginfo.be\/wp-content\/uploads\/2025\/02\/20240315_074740-2048x923.jpg 2048w\" sizes=\"auto, (max-width: 1024px) 100vw, 1024px\" \/><\/figure>\n\n\n\n<figure class=\"wp-block-image size-large\"><img loading=\"lazy\" decoding=\"async\" width=\"1024\" height=\"462\" data-id=\"356\" src=\"https:\/\/fginfo.be\/wp-content\/uploads\/2025\/02\/20240322_201603-1024x462.jpg\" alt=\"\" class=\"wp-image-356\" srcset=\"https:\/\/fginfo.be\/wp-content\/uploads\/2025\/02\/20240322_201603-1024x462.jpg 1024w, https:\/\/fginfo.be\/wp-content\/uploads\/2025\/02\/20240322_201603-300x135.jpg 300w, https:\/\/fginfo.be\/wp-content\/uploads\/2025\/02\/20240322_201603-768x346.jpg 768w, https:\/\/fginfo.be\/wp-content\/uploads\/2025\/02\/20240322_201603-1536x692.jpg 1536w, https:\/\/fginfo.be\/wp-content\/uploads\/2025\/02\/20240322_201603-2048x923.jpg 2048w\" sizes=\"auto, (max-width: 1024px) 100vw, 1024px\" \/><\/figure>\n<\/figure>\n","protected":false},"excerpt":{"rendered":"<p>Nouvelle activit\u00e9 pour FG Info : L&rsquo;impression 3D ! Equip\u00e9 d&rsquo;une des meilleurs machine du march\u00e9 la BAMBU LAB P1Savec un distributeur de couleur AMS R\u00e9alisation de commandes standard et sur mesure..<\/p>\n","protected":false},"author":1,"featured_media":365,"parent":0,"menu_order":0,"comment_status":"closed","ping_status":"closed","template":"","meta":{"footnotes":""},"class_list":["post-346","page","type-page","status-publish","has-post-thumbnail","czr-hentry"],"_links":{"self":[{"href":"https:\/\/fginfo.be\/index.php\/wp-json\/wp\/v2\/pages\/346","targetHints":{"allow":["GET"]}}],"collection":[{"href":"https:\/\/fginfo.be\/index.php\/wp-json\/wp\/v2\/pages"}],"about":[{"href":"https:\/\/fginfo.be\/index.php\/wp-json\/wp\/v2\/types\/page"}],"author":[{"embeddable":true,"href":"https:\/\/fginfo.be\/index.php\/wp-json\/wp\/v2\/users\/1"}],"replies":[{"embeddable":true,"href":"https:\/\/fginfo.be\/index.php\/wp-json\/wp\/v2\/comments?post=346"}],"version-history":[{"count":2,"href":"https:\/\/fginfo.be\/index.php\/wp-json\/wp\/v2\/pages\/346\/revisions"}],"predecessor-version":[{"id":368,"href":"https:\/\/fginfo.be\/index.php\/wp-json\/wp\/v2\/pages\/346\/revisions\/368"}],"wp:featuredmedia":[{"embeddable":true,"href":"https:\/\/fginfo.be\/index.php\/wp-json\/wp\/v2\/media\/365"}],"wp:attachment":[{"href":"https:\/\/fginfo.be\/index.php\/wp-json\/wp\/v2\/media?parent=346"}],"curies":[{"name":"wp","href":"https:\/\/api.w.org\/{rel}","templated":true}]}}